{"id":1543,"date":"2018-06-09T10:34:21","date_gmt":"2018-06-09T10:34:21","guid":{"rendered":"https:\/\/www.marcraft.nl\/our-boats\/565-river-pro\/"},"modified":"2022-10-02T13:02:15","modified_gmt":"2022-10-02T11:02:15","slug":"565-river-pro","status":"publish","type":"product","link":"https:\/\/www.marcraft.nl\/fr\/our-boats\/565-river-pro\/","title":{"rendered":"Tomasco River Pro"},"content":{"rendered":"<p>De Tomasco River Pro is het absolute vlaggenschip onder de Tomasco Visboten. Met een lengte van 5,65 meter, en een breedte van 2,31 meter is dit schip met recht een absolute topper. Dit schip is bij uitstek geschikt voor elke visserij en recreatieve toepassingen. Naast vissen kunt u er uitstekend mee waterski\u00ebn of wakeboarden. Kortom, naast een fantastische visboot is het ook een geweldig familieschip.<\/p>\n<p>Het schip heeft een enorme binnenruimte en &#8211; ondanks de grote afmetingen &#8211; is het schip nog steeds zeer wendbaar en makkelijk in plan\u00e9 te krijgen.<\/p>\n<p>De vaareigenschappen zijn echt subliem door de lage diepgang en de uitgebalanceerde \u201cV\u201d van het onderwaterschip. Tevens heeft ons vlaggenschip een revolutionaire bodemvorm waarbij het voorschip 2,5 cm verspringt ten opzichte van het achterschip. Hierdoor wordt een vacu\u00fcm gecre\u00eberd waardoor het schip veel sneller in plan\u00e9 komt. Het schip trotseert met gemak de moeilijkste rivieren! Voorzien van een 200 pk Suzuki buitenboordmotor vaart het schip circa 80 tot 90 kilometer per uur!<\/p>\n<p>Het enorme voorschip is voorzien van zeer veel opbergvakken. \u00c9\u00e9n van die vakken kan voorzien worden van een visbun. Ook is een geweldige hengelbak aanwezig waarin maar liefst 10 hengels kunnen worden opgeborgen. Het luik van de hengelbak is voorzien van gasveren. In de hengelbak is een ruimte afgedekt met een luik wat toegang geeft voor accu\u2019s voor bv. een fronttroller.<\/p>\n<p>In totaal is het voorschip voorzien van 6 opbergruimtes met luiken en het achterschip is voorzien van 3 opbergruimtes met luiken. Naar eigen inzicht kunnen de opbergruimtes voorzien worden van een visbun.<\/p>\n<p>De Tomasco River Pro is leverbaar als tiller- en als consoleboot. Het schip kan zelfs voorzien worden van 2 consoles.<\/p>\n<p>Voor nadere informatie kunt u vrijblijvend contact met ons opnemen.<\/p>\n","protected":false},"excerpt":{"rendered":"<p>De Tomasco River Pro is het absolute vlaggenschip onder de Tomasco Visboten. Met een lengte van 5,65 meter, en een breedte van 2,31 meter is dit schip met recht een absolute topper. Dit schip is bij uitstek geschikt voor elke visserij en recreatieve toepassingen. Naast vissen kunt u er uitstekend mee waterski\u00ebn of wakeboarden. Kortom, [&hellip;]<\/p>\n","protected":false},"featured_media":2512,"comment_status":"open","ping_status":"closed","template":"","meta":{"_et_pb_use_builder":"","_et_pb_old_content":"","_et_gb_content_width":""},"product_cat":[62],"product_tag":[],"_links":{"self":[{"href":"https:\/\/www.marcraft.nl\/fr\/wp-json\/wp\/v2\/product\/1543"}],"collection":[{"href":"https:\/\/www.marcraft.nl\/fr\/wp-json\/wp\/v2\/product"}],"about":[{"href":"https:\/\/www.marcraft.nl\/fr\/wp-json\/wp\/v2\/types\/product"}],"replies":[{"embeddable":true,"href":"https:\/\/www.marcraft.nl\/fr\/wp-json\/wp\/v2\/comments?post=1543"}],"wp:featuredmedia":[{"embeddable":true,"href":"https:\/\/www.marcraft.nl\/fr\/wp-json\/wp\/v2\/media\/2512"}],"wp:attachment":[{"href":"https:\/\/www.marcraft.nl\/fr\/wp-json\/wp\/v2\/media?parent=1543"}],"wp:term":[{"taxonomy":"product_cat","embeddable":true,"href":"https:\/\/www.marcraft.nl\/fr\/wp-json\/wp\/v2\/product_cat?post=1543"},{"taxonomy":"product_tag","embeddable":true,"href":"https:\/\/www.marcraft.nl\/fr\/wp-json\/wp\/v2\/product_tag?post=1543"}],"curies":[{"name":"wp","href":"https:\/\/api.w.org\/{rel}","templated":true}]}}