{"id":1532,"date":"2020-09-13T21:32:45","date_gmt":"2020-09-13T19:32:45","guid":{"rendered":"https:\/\/www.marcraft.nl\/our-boats\/river-hunter\/"},"modified":"2023-02-04T21:18:28","modified_gmt":"2023-02-04T20:18:28","slug":"river-hunter","status":"publish","type":"product","link":"https:\/\/www.marcraft.nl\/fr\/our-boats\/river-hunter\/","title":{"rendered":"River Hunter"},"content":{"rendered":"","protected":false},"excerpt":{"rendered":"<p>Chasseur Tomasco River Hunter,<\/p>\n<p>Le plus r\u00e9cent membre de la tribu Tomasco, un bateau de p\u00eache pr\u00e9dateur de 4,65 x 2,00 m. Est actuellement en construction, divis\u00e9 avec un grand pont avant, qui est \u00e9galement \u00e9quip\u00e9 de 4 trappes d&rsquo;acc\u00e8s, o\u00f9 vous avez acc\u00e8s \u00e0 de spacieux placards.<\/p>\n<p>Deux bo\u00eetes de p\u00eache pouvant contenir des cannes jusqu&rsquo;\u00e0 2,25 m.<\/p>\n<p>Dot\u00e9 d&rsquo;une plate-forme arri\u00e8re spacieuse avec beaucoup d&rsquo;espace int\u00e9rieur en dessous, accessible par trois trappes d&rsquo;acc\u00e8s. Et en option, un r\u00e9servoir de carburant de +\/- 50 litres int\u00e9gr\u00e9 dans le plancher.<\/p>\n<p>En bref, un bateau de p\u00eache aux carnassiers o\u00f9 vous pourrez vivre beaucoup de plaisirs de p\u00eache et de navigation pour le reste de votre vie.<\/p>\n","protected":false},"featured_media":1491,"comment_status":"open","ping_status":"closed","template":"","meta":{"_et_pb_use_builder":"","_et_pb_old_content":"","_et_gb_content_width":""},"product_cat":[62],"product_tag":[],"_links":{"self":[{"href":"https:\/\/www.marcraft.nl\/fr\/wp-json\/wp\/v2\/product\/1532"}],"collection":[{"href":"https:\/\/www.marcraft.nl\/fr\/wp-json\/wp\/v2\/product"}],"about":[{"href":"https:\/\/www.marcraft.nl\/fr\/wp-json\/wp\/v2\/types\/product"}],"replies":[{"embeddable":true,"href":"https:\/\/www.marcraft.nl\/fr\/wp-json\/wp\/v2\/comments?post=1532"}],"wp:featuredmedia":[{"embeddable":true,"href":"https:\/\/www.marcraft.nl\/fr\/wp-json\/wp\/v2\/media\/1491"}],"wp:attachment":[{"href":"https:\/\/www.marcraft.nl\/fr\/wp-json\/wp\/v2\/media?parent=1532"}],"wp:term":[{"taxonomy":"product_cat","embeddable":true,"href":"https:\/\/www.marcraft.nl\/fr\/wp-json\/wp\/v2\/product_cat?post=1532"},{"taxonomy":"product_tag","embeddable":true,"href":"https:\/\/www.marcraft.nl\/fr\/wp-json\/wp\/v2\/product_tag?post=1532"}],"curies":[{"name":"wp","href":"https:\/\/api.w.org\/{rel}","templated":true}]}}