{"id":1520,"date":"2018-06-09T10:21:45","date_gmt":"2018-06-09T10:21:45","guid":{"rendered":"https:\/\/www.marcraft.nl\/our-boats\/465-carp-exclusive\/"},"modified":"2023-01-05T15:30:35","modified_gmt":"2023-01-05T14:30:35","slug":"465-carp-exclusive","status":"publish","type":"product","link":"https:\/\/www.marcraft.nl\/fr\/our-boats\/465-carp-exclusive\/","title":{"rendered":"Carp Master"},"content":{"rendered":"","protected":false},"excerpt":{"rendered":"<p>Cette conception a \u00e9t\u00e9 construite en 2008 en collaboration avec le c\u00e9l\u00e8bre p\u00eacheur \u00e0 la carpe Herman Schuurman. Comparable au caract\u00e8re de la race frisonne Herman Schuurman, un bateau robuste et fiable a \u00e9t\u00e9 d\u00e9velopp\u00e9, ce qui pourrait donner au p\u00eacheur \u00e0 la carpe une libert\u00e9 maximale. Peut p\u00eacher dans des endroits difficiles d&rsquo;acc\u00e8s o\u00f9 vivent souvent les poissons les meilleurs et les plus forts.<br \/>\nUn autre point important est que vous ne devriez pas seulement \u00eatre capable de nager sur les lacs souvent grands, mais surtout, vous devriez \u00e9galement pouvoir rentrer chez vous en toute s\u00e9curit\u00e9 apr\u00e8s la session de p\u00eache sans prendre de risques inutiles si le temps devient difficile pendant la session de p\u00eache. r\u00e9union. vent.<\/p>\n<p>Le bateau est \u00e9galement enti\u00e8rement soud\u00e9 en aluminium r\u00e9sistant \u00e0 l&rsquo;eau de mer de 4 mm d&rsquo;\u00e9paisseur. L&rsquo;int\u00e9rieur de ce bateau est trait\u00e9 avec un rev\u00eatement en polyur\u00e9e et a un fond en plastique et est donc SUPER facile \u00e0 entretenir, relativement l\u00e9ger et tr\u00e8s confortable pour des sessions de p\u00eache de plusieurs jours. Il y a \u00e9galement suffisamment d&rsquo;espace pour transporter la nourriture n\u00e9cessaire au pirate de l&rsquo;air et au p\u00eacheur \u00e0 la carpe, y compris du mat\u00e9riel de pr\u00e9paration de nourriture et de boisson, des cannes \u00e0 p\u00eache, une canne \u00e0 p\u00eache, etc.<\/p>\n<p>Il va sans dire qu&rsquo;une grande chaise de lit peut \u00eatre plac\u00e9e et la stabilit\u00e9 du bateau assure une merveilleuse nuit de sommeil. Une capote de pulv\u00e9risation garantit \u00e9galement que vous pouvez vivre confortablement \u00e0 bord de votre propre Carp Master, m\u00eame en cas de pluie et de vent prolong\u00e9s.<\/p>\n<p>De plus, de nombreux p\u00eacheurs de carpes ont \u00e9galement install\u00e9 leur bateau pour pouvoir l&rsquo;utiliser derri\u00e8re des poissons pr\u00e9dateurs. Le capot pliable et facilement d\u00e9tachable en fait une beaut\u00e9 d&rsquo;un bateau de p\u00eache pr\u00e9datrice qui peut bien g\u00e9rer toutes les eaux.<\/p>\n<p>Le Carp Master est disponible dans les longueurs 4,65 et 5,00 m et disponible en tant que gouvernail et \/ ou bateau console.<\/p>\n<p>N&rsquo;h\u00e9sitez pas \u00e0 nous contacter pour plus d&rsquo;informations<\/p>\n","protected":false},"featured_media":1522,"comment_status":"open","ping_status":"closed","template":"","meta":{"_et_pb_use_builder":"","_et_pb_old_content":"","_et_gb_content_width":""},"product_cat":[62],"product_tag":[],"_links":{"self":[{"href":"https:\/\/www.marcraft.nl\/fr\/wp-json\/wp\/v2\/product\/1520"}],"collection":[{"href":"https:\/\/www.marcraft.nl\/fr\/wp-json\/wp\/v2\/product"}],"about":[{"href":"https:\/\/www.marcraft.nl\/fr\/wp-json\/wp\/v2\/types\/product"}],"replies":[{"embeddable":true,"href":"https:\/\/www.marcraft.nl\/fr\/wp-json\/wp\/v2\/comments?post=1520"}],"wp:featuredmedia":[{"embeddable":true,"href":"https:\/\/www.marcraft.nl\/fr\/wp-json\/wp\/v2\/media\/1522"}],"wp:attachment":[{"href":"https:\/\/www.marcraft.nl\/fr\/wp-json\/wp\/v2\/media?parent=1520"}],"wp:term":[{"taxonomy":"product_cat","embeddable":true,"href":"https:\/\/www.marcraft.nl\/fr\/wp-json\/wp\/v2\/product_cat?post=1520"},{"taxonomy":"product_tag","embeddable":true,"href":"https:\/\/www.marcraft.nl\/fr\/wp-json\/wp\/v2\/product_tag?post=1520"}],"curies":[{"name":"wp","href":"https:\/\/api.w.org\/{rel}","templated":true}]}}