{"id":1513,"date":"2018-06-09T10:23:54","date_gmt":"2018-06-09T10:23:54","guid":{"rendered":"https:\/\/www.marcraft.nl\/our-boats\/496-lake-hunter\/"},"modified":"2020-12-10T20:56:43","modified_gmt":"2020-12-10T19:56:43","slug":"496-lake-hunter","status":"publish","type":"product","link":"https:\/\/www.marcraft.nl\/fr\/our-boats\/496-lake-hunter\/","title":{"rendered":"Lake Hunter"},"content":{"rendered":"<p>[et_pb_section fb_built=\u00a0\u00bb1&Prime; _builder_version=\u00a0\u00bb3.22&Prime; custom_padding=\u00a0\u00bb0px||||false|false\u00a0\u00bb][et_pb_row _builder_version=\u00a0\u00bb3.25&Prime; background_size=\u00a0\u00bbinitial\u00a0\u00bb background_position=\u00a0\u00bbtop_left\u00a0\u00bb background_repeat=\u00a0\u00bbrepeat\u00a0\u00bb width=\u00a0\u00bb100%\u00a0\u00bb custom_padding=\u00a0\u00bb0px||0px||false|false\u00a0\u00bb][et_pb_column type=\u00a0\u00bb4_4&Prime; _builder_version=\u00a0\u00bb3.25&Prime; custom_padding=\u00a0\u00bb|||\u00a0\u00bb custom_padding__hover=\u00a0\u00bb|||\u00a0\u00bb][et_pb_wc_breadcrumb _builder_version=\u00a0\u00bb3.0.47&Prime;][\/et_pb_wc_breadcrumb][et_pb_wc_cart_notice _builder_version=\u00a0\u00bb3.0.47&Prime;][\/et_pb_wc_cart_notice][\/et_pb_column][\/et_pb_row][et_pb_row column_structure=\u00a0\u00bb1_2,1_2&Prime; _builder_version=\u00a0\u00bb3.25&Prime; background_size=\u00a0\u00bbinitial\u00a0\u00bb background_position=\u00a0\u00bbtop_left\u00a0\u00bb background_repeat=\u00a0\u00bbrepeat\u00a0\u00bb width=\u00a0\u00bb100%\u00a0\u00bb custom_padding=\u00a0\u00bb0px||||false|false\u00a0\u00bb][et_pb_column type=\u00a0\u00bb1_2&Prime; _builder_version=\u00a0\u00bb3.25&Prime; custom_padding=\u00a0\u00bb|||\u00a0\u00bb custom_padding__hover=\u00a0\u00bb|||\u00a0\u00bb][et_pb_wc_images _builder_version=\u00a0\u00bb3.0.47&Prime;][\/et_pb_wc_images][\/et_pb_column][et_pb_column type=\u00a0\u00bb1_2&Prime; _builder_version=\u00a0\u00bb3.25&Prime; custom_padding=\u00a0\u00bb|||\u00a0\u00bb custom_padding__hover=\u00a0\u00bb|||\u00a0\u00bb][et_pb_wc_title _builder_version=\u00a0\u00bb3.0.47&Prime;][\/et_pb_wc_title][et_pb_wc_rating _builder_version=\u00a0\u00bb3.0.47&Prime;][\/et_pb_wc_rating][et_pb_wc_price _builder_version=\u00a0\u00bb3.0.47&Prime;][\/et_pb_wc_price][et_pb_wc_description _builder_version=\u00a0\u00bb3.0.47&Prime;][\/et_pb_wc_description][et_pb_wc_add_to_cart _builder_version=\u00a0\u00bb3.0.47&Prime;][\/et_pb_wc_add_to_cart][et_pb_wc_meta _builder_version=\u00a0\u00bb3.0.47&Prime;][\/et_pb_wc_meta][\/et_pb_column][\/et_pb_row][\/et_pb_section]<\/p>\n","protected":false},"excerpt":{"rendered":"<p>Le Tomasco Lake Hunter est un bateau de p\u00eache pr\u00e9datrice d&rsquo;une longueur de pr\u00e8s de 5 m\u00e8tres. avec une disposition compl\u00e8tement diff\u00e9rente de celle des versions plus petites, donnant \u00e0 ce bateau beaucoup plus d&rsquo;espace. \u00c0 l&rsquo;arri\u00e8re du bateau, il y a un grand espace accessible par trois trappes d&rsquo;acc\u00e8s. Sous le pont avant, trois grands compartiments de rangement sont accessibles via quatre trappes d&rsquo;acc\u00e8s. Un r\u00e9servoir de carburant en aluminium de +\/- 53 litres peut \u00eatre plac\u00e9 sous le plancher. Le Lake Hunter a \u00e9galement des bo\u00eetiers lat\u00e9raux plus larges et plus longs pouvant contenir des tiges jusqu&rsquo;\u00e0 260 cm.<\/p>\n<p>Il y a aussi une ouverture sp\u00e9cialement pour la p\u00eache verticale, laiss\u00e9e libre de placer les pieds. Cette ouverture peut bien entendu \u00e9galement \u00eatre utilis\u00e9e pour placer des caisses pour leurres ou autre mat\u00e9riel de p\u00eache.<\/p>\n<p>Le Tomasco Lake Hunter est disponible en tant que bateau \u00e0 barre franche et console.<\/p>\n<p>N&rsquo;h\u00e9sitez pas \u00e0 nous contacter pour plus d&rsquo;informations.<\/p>\n","protected":false},"featured_media":1515,"comment_status":"open","ping_status":"closed","template":"","meta":{"_et_pb_use_builder":"on","_et_pb_old_content":"","_et_gb_content_width":""},"product_cat":[62],"product_tag":[],"_links":{"self":[{"href":"https:\/\/www.marcraft.nl\/fr\/wp-json\/wp\/v2\/product\/1513"}],"collection":[{"href":"https:\/\/www.marcraft.nl\/fr\/wp-json\/wp\/v2\/product"}],"about":[{"href":"https:\/\/www.marcraft.nl\/fr\/wp-json\/wp\/v2\/types\/product"}],"replies":[{"embeddable":true,"href":"https:\/\/www.marcraft.nl\/fr\/wp-json\/wp\/v2\/comments?post=1513"}],"wp:featuredmedia":[{"embeddable":true,"href":"https:\/\/www.marcraft.nl\/fr\/wp-json\/wp\/v2\/media\/1515"}],"wp:attachment":[{"href":"https:\/\/www.marcraft.nl\/fr\/wp-json\/wp\/v2\/media?parent=1513"}],"wp:term":[{"taxonomy":"product_cat","embeddable":true,"href":"https:\/\/www.marcraft.nl\/fr\/wp-json\/wp\/v2\/product_cat?post=1513"},{"taxonomy":"product_tag","embeddable":true,"href":"https:\/\/www.marcraft.nl\/fr\/wp-json\/wp\/v2\/product_tag?post=1513"}],"curies":[{"name":"wp","href":"https:\/\/api.w.org\/{rel}","templated":true}]}}