{"id":1493,"date":"2018-06-09T10:32:23","date_gmt":"2018-06-09T10:32:23","guid":{"rendered":"https:\/\/www.marcraft.nl\/our-boats\/535-commander\/"},"modified":"2023-01-06T20:22:15","modified_gmt":"2023-01-06T19:22:15","slug":"535-commander","status":"publish","type":"product","link":"https:\/\/www.marcraft.nl\/fr\/our-boats\/535-commander\/","title":{"rendered":"Commander"},"content":{"rendered":"<p>[et_pb_section fb_built=\u00a0\u00bb1&Prime; _builder_version=\u00a0\u00bb3.22&Prime; custom_padding=\u00a0\u00bb0px||||false|false\u00a0\u00bb][et_pb_row _builder_version=\u00a0\u00bb3.25&Prime; background_size=\u00a0\u00bbinitial\u00a0\u00bb background_position=\u00a0\u00bbtop_left\u00a0\u00bb background_repeat=\u00a0\u00bbrepeat\u00a0\u00bb width=\u00a0\u00bb100%\u00a0\u00bb custom_padding=\u00a0\u00bb0px||0px||false|false\u00a0\u00bb][et_pb_column type=\u00a0\u00bb4_4&Prime; _builder_version=\u00a0\u00bb3.25&Prime; custom_padding=\u00a0\u00bb|||\u00a0\u00bb custom_padding__hover=\u00a0\u00bb|||\u00a0\u00bb][et_pb_wc_breadcrumb _builder_version=\u00a0\u00bb3.0.47&Prime;][\/et_pb_wc_breadcrumb][et_pb_wc_cart_notice _builder_version=\u00a0\u00bb3.0.47&Prime;][\/et_pb_wc_cart_notice][\/et_pb_column][\/et_pb_row][et_pb_row column_structure=\u00a0\u00bb1_2,1_2&Prime; _builder_version=\u00a0\u00bb3.25&Prime; background_size=\u00a0\u00bbinitial\u00a0\u00bb background_position=\u00a0\u00bbtop_left\u00a0\u00bb background_repeat=\u00a0\u00bbrepeat\u00a0\u00bb width=\u00a0\u00bb100%\u00a0\u00bb custom_padding=\u00a0\u00bb0px||||false|false\u00a0\u00bb][et_pb_column type=\u00a0\u00bb1_2&Prime; _builder_version=\u00a0\u00bb3.25&Prime; custom_padding=\u00a0\u00bb|||\u00a0\u00bb custom_padding__hover=\u00a0\u00bb|||\u00a0\u00bb][et_pb_wc_images _builder_version=\u00a0\u00bb3.0.47&Prime;][\/et_pb_wc_images][\/et_pb_column][et_pb_column type=\u00a0\u00bb1_2&Prime; _builder_version=\u00a0\u00bb3.25&Prime; custom_padding=\u00a0\u00bb|||\u00a0\u00bb custom_padding__hover=\u00a0\u00bb|||\u00a0\u00bb][et_pb_wc_title _builder_version=\u00a0\u00bb3.0.47&Prime;][\/et_pb_wc_title][et_pb_wc_rating _builder_version=\u00a0\u00bb3.0.47&Prime;][\/et_pb_wc_rating][et_pb_wc_price _builder_version=\u00a0\u00bb3.0.47&Prime;][\/et_pb_wc_price][et_pb_wc_description _builder_version=\u00a0\u00bb3.0.47&Prime;][\/et_pb_wc_description][et_pb_wc_add_to_cart _builder_version=\u00a0\u00bb3.0.47&Prime;][\/et_pb_wc_add_to_cart][et_pb_wc_meta _builder_version=\u00a0\u00bb3.0.47&Prime;][\/et_pb_wc_meta][\/et_pb_column][\/et_pb_row][et_pb_row _builder_version=\u00a0\u00bb3.25&Prime; background_size=\u00a0\u00bbinitial\u00a0\u00bb background_position=\u00a0\u00bbtop_left\u00a0\u00bb background_repeat=\u00a0\u00bbrepeat\u00a0\u00bb width=\u00a0\u00bb100%\u00a0\u00bb][et_pb_column type=\u00a0\u00bb4_4&Prime; _builder_version=\u00a0\u00bb3.25&Prime; custom_padding=\u00a0\u00bb|||\u00a0\u00bb custom_padding__hover=\u00a0\u00bb|||\u00a0\u00bb][et_pb_wc_tabs _builder_version=\u00a0\u00bb3.0.47&Prime;]\t\t\t\t\t[\/et_pb_wc_tabs][et_pb_wc_upsells _builder_version=\u00a0\u00bb3.0.47&Prime;][\/et_pb_wc_upsells][\/et_pb_column][\/et_pb_row][\/et_pb_section]<\/p>\n","protected":false},"excerpt":{"rendered":"<p>Le Tomasco Commander est le \u00ab\u00a0commandant\u00a0\u00bb absolu des bateaux de p\u00eache Tomasco.<\/p>\n<p>D&rsquo;une longueur de plus de 5,35 m\u00e8tres, ce navire ne doit pas \u00eatre n\u00e9glig\u00e9. Malgr\u00e9 les grandes dimensions, le navire reste tr\u00e8s maniable. Les caract\u00e9ristiques de navigation de ce bateau sup\u00e9rieur sont vraiment sublimes en raison du faible tirant d&rsquo;eau et du \u00abV\u00bb \u00e9quilibr\u00e9 de la coque sous-marine. Ce navire brave les rivi\u00e8res les plus difficiles avec facilit\u00e9!<\/p>\n<p>Beaucoup de soin a \u00e9t\u00e9 apport\u00e9 \u00e0 la mise en page. Gr\u00e2ce \u00e0 une disposition sophistiqu\u00e9e, l&rsquo;espace de stockage est maximis\u00e9. Il y a 4 trappes dans le pont avant et les compartiments \u00e0 cannes mesurent 270 cm. Une zone de stockage du poisson peut \u00eatre install\u00e9e sans mettre en danger d&rsquo;autres zones de stockage.<\/p>\n<p>En option, une bo\u00eete de p\u00eache peut \u00e9galement \u00eatre plac\u00e9e dans et sous le pont de lancer de ce bateau, ce qui donne au pont de lancer beaucoup plus de longueur et plus d&rsquo;espace de stockage, ce qui facilite le lancer.<\/p>\n<p>Le Tomasco Commander est disponible en tant que bateau \u00e0 barre franche et console.<\/p>\n<p>N&rsquo;h\u00e9sitez pas \u00e0 nous contacter pour plus d&rsquo;informations.<\/p>\n","protected":false},"featured_media":1494,"comment_status":"open","ping_status":"closed","template":"","meta":{"_et_pb_use_builder":"on","_et_pb_old_content":"","_et_gb_content_width":""},"product_cat":[62],"product_tag":[],"_links":{"self":[{"href":"https:\/\/www.marcraft.nl\/fr\/wp-json\/wp\/v2\/product\/1493"}],"collection":[{"href":"https:\/\/www.marcraft.nl\/fr\/wp-json\/wp\/v2\/product"}],"about":[{"href":"https:\/\/www.marcraft.nl\/fr\/wp-json\/wp\/v2\/types\/product"}],"replies":[{"embeddable":true,"href":"https:\/\/www.marcraft.nl\/fr\/wp-json\/wp\/v2\/comments?post=1493"}],"wp:featuredmedia":[{"embeddable":true,"href":"https:\/\/www.marcraft.nl\/fr\/wp-json\/wp\/v2\/media\/1494"}],"wp:attachment":[{"href":"https:\/\/www.marcraft.nl\/fr\/wp-json\/wp\/v2\/media?parent=1493"}],"wp:term":[{"taxonomy":"product_cat","embeddable":true,"href":"https:\/\/www.marcraft.nl\/fr\/wp-json\/wp\/v2\/product_cat?post=1493"},{"taxonomy":"product_tag","embeddable":true,"href":"https:\/\/www.marcraft.nl\/fr\/wp-json\/wp\/v2\/product_tag?post=1493"}],"curies":[{"name":"wp","href":"https:\/\/api.w.org\/{rel}","templated":true}]}}