{"id":1440,"date":"2020-11-29T13:50:15","date_gmt":"2020-11-29T12:50:15","guid":{"rendered":"https:\/\/www.marcraft.nl\/pike-master\/"},"modified":"2020-11-29T13:50:15","modified_gmt":"2020-11-29T12:50:15","slug":"pike-master","status":"publish","type":"page","link":"https:\/\/www.marcraft.nl\/fr\/pike-master\/","title":{"rendered":"Pike Master"},"content":{"rendered":"<p>[et_pb_section fb_built=\u00a0\u00bb1&Prime; _builder_version=\u00a0\u00bb3.22&Prime;][et_pb_row _builder_version=\u00a0\u00bb3.25&Prime; background_size=\u00a0\u00bbinitial\u00a0\u00bb background_position=\u00a0\u00bbtop_left\u00a0\u00bb background_repeat=\u00a0\u00bbrepeat\u00a0\u00bb][et_pb_column type=\u00a0\u00bb4_4&Prime; _builder_version=\u00a0\u00bb3.25&Prime; custom_padding=\u00a0\u00bb|||\u00a0\u00bb custom_padding__hover=\u00a0\u00bb|||\u00a0\u00bb][et_pb_text _builder_version=\u00a0\u00bb3.27.4&Prime; background_size=\u00a0\u00bbinitial\u00a0\u00bb background_position=\u00a0\u00bbtop_left\u00a0\u00bb background_repeat=\u00a0\u00bbrepeat\u00a0\u00bb]<\/p>\n<p>Le Tomasco Pike Master est \u00e9galement disponible en coque. Pour vous faciliter encore plus la t\u00e2che, nous pouvons vous fournir toutes les pi\u00e8ces dont vous pensez avoir besoin. Du paquet de bois, tapis, moulures aux derniers d\u00e9tails. D\u00e9couvrez les options\u00a0<a href=\"https:\/\/www.marcraft.nl\/wp-content\/uploads\/2020\/05\/31-1.jpg\"> <img decoding=\"async\" loading=\"lazy\" class=\"size-medium wp-image-952 alignright\" src=\"https:\/\/www.marcraft.nl\/wp-content\/uploads\/2020\/05\/31-1-300x288.jpg\" alt=\"\" width=\"300\" height=\"288\" \/><\/a><\/p>\n<p>[\/et_pb_text][\/et_pb_column][\/et_pb_row][\/et_pb_section]<\/p>\n","protected":false},"excerpt":{"rendered":"<p>Le Tomasco Pike Master est \u00e9galement disponible en coque. Pour vous faciliter encore plus la t\u00e2che, nous pouvons vous fournir toutes les pi\u00e8ces dont vous pensez avoir besoin. Du paquet de bois, tapis, moulures aux derniers d\u00e9tails. D\u00e9couvrez les options\u00a0<\/p>\n","protected":false},"author":5,"featured_media":1414,"parent":0,"menu_order":0,"comment_status":"closed","ping_status":"closed","template":"","meta":{"_et_pb_use_builder":"on","_et_pb_old_content":"","_et_gb_content_width":""},"_links":{"self":[{"href":"https:\/\/www.marcraft.nl\/fr\/wp-json\/wp\/v2\/pages\/1440"}],"collection":[{"href":"https:\/\/www.marcraft.nl\/fr\/wp-json\/wp\/v2\/pages"}],"about":[{"href":"https:\/\/www.marcraft.nl\/fr\/wp-json\/wp\/v2\/types\/page"}],"author":[{"embeddable":true,"href":"https:\/\/www.marcraft.nl\/fr\/wp-json\/wp\/v2\/users\/5"}],"replies":[{"embeddable":true,"href":"https:\/\/www.marcraft.nl\/fr\/wp-json\/wp\/v2\/comments?post=1440"}],"version-history":[{"count":2,"href":"https:\/\/www.marcraft.nl\/fr\/wp-json\/wp\/v2\/pages\/1440\/revisions"}],"predecessor-version":[{"id":1442,"href":"https:\/\/www.marcraft.nl\/fr\/wp-json\/wp\/v2\/pages\/1440\/revisions\/1442"}],"wp:featuredmedia":[{"embeddable":true,"href":"https:\/\/www.marcraft.nl\/fr\/wp-json\/wp\/v2\/media\/1414"}],"wp:attachment":[{"href":"https:\/\/www.marcraft.nl\/fr\/wp-json\/wp\/v2\/media?parent=1440"}],"curies":[{"name":"wp","href":"https:\/\/api.w.org\/{rel}","templated":true}]}}