{"id":1428,"date":"2020-11-29T13:39:58","date_gmt":"2020-11-29T12:39:58","guid":{"rendered":"https:\/\/www.marcraft.nl\/lake-hunter\/"},"modified":"2020-11-29T13:49:28","modified_gmt":"2020-11-29T12:49:28","slug":"lake-hunter","status":"publish","type":"page","link":"https:\/\/www.marcraft.nl\/fr\/lake-hunter\/","title":{"rendered":"Lake Hunter"},"content":{"rendered":"<p><a href=\"https:\/\/www.marcraft.nl\/wp-content\/uploads\/2020\/05\/L-H-5.jpg\"> Le Tomasco Lake Hunter est \u00e9galement disponible en coque. Pour vous faciliter encore plus la t\u00e2che, nous pouvons vous fournir toutes les pi\u00e8ces dont vous pensez avoir besoin. Du paquet de bois, tapis, moulures aux derniers d\u00e9tails. D\u00e9couvrez les options<img decoding=\"async\" loading=\"lazy\" class=\"size-medium wp-image-1000 alignright\" src=\"https:\/\/www.marcraft.nl\/wp-content\/uploads\/2020\/05\/L-H-5-265x300.jpg\" alt=\"\" width=\"265\" height=\"300\" \/><\/a> \u00a0<\/p>\n","protected":false},"excerpt":{"rendered":"<p>Le Tomasco Lake Hunter est \u00e9galement disponible en coque. Pour vous faciliter encore plus la t\u00e2che, nous pouvons vous fournir toutes les pi\u00e8ces dont vous pensez avoir besoin. Du paquet de bois, tapis, moulures aux derniers d\u00e9tails. D\u00e9couvrez les options \u00a0<\/p>\n","protected":false},"author":5,"featured_media":1429,"parent":0,"menu_order":0,"comment_status":"closed","ping_status":"closed","template":"","meta":{"_et_pb_use_builder":"","_et_pb_old_content":"","_et_gb_content_width":""},"_links":{"self":[{"href":"https:\/\/www.marcraft.nl\/fr\/wp-json\/wp\/v2\/pages\/1428"}],"collection":[{"href":"https:\/\/www.marcraft.nl\/fr\/wp-json\/wp\/v2\/pages"}],"about":[{"href":"https:\/\/www.marcraft.nl\/fr\/wp-json\/wp\/v2\/types\/page"}],"author":[{"embeddable":true,"href":"https:\/\/www.marcraft.nl\/fr\/wp-json\/wp\/v2\/users\/5"}],"replies":[{"embeddable":true,"href":"https:\/\/www.marcraft.nl\/fr\/wp-json\/wp\/v2\/comments?post=1428"}],"version-history":[{"count":1,"href":"https:\/\/www.marcraft.nl\/fr\/wp-json\/wp\/v2\/pages\/1428\/revisions"}],"predecessor-version":[{"id":1439,"href":"https:\/\/www.marcraft.nl\/fr\/wp-json\/wp\/v2\/pages\/1428\/revisions\/1439"}],"wp:featuredmedia":[{"embeddable":true,"href":"https:\/\/www.marcraft.nl\/fr\/wp-json\/wp\/v2\/media\/1429"}],"wp:attachment":[{"href":"https:\/\/www.marcraft.nl\/fr\/wp-json\/wp\/v2\/media?parent=1428"}],"curies":[{"name":"wp","href":"https:\/\/api.w.org\/{rel}","templated":true}]}}