{"id":1533,"date":"2020-09-13T21:32:45","date_gmt":"2020-09-13T19:32:45","guid":{"rendered":"https:\/\/www.marcraft.nl\/our-boats\/river-hunter\/"},"modified":"2022-11-16T22:27:29","modified_gmt":"2022-11-16T21:27:29","slug":"river-hunter","status":"publish","type":"product","link":"https:\/\/www.marcraft.nl\/de\/our-boats\/river-hunter\/","title":{"rendered":"River Hunter"},"content":{"rendered":"","protected":false},"excerpt":{"rendered":"<p>Tomasco River Hunter,<\/p>\n<p>Der Tomasco River Hunter, das neueste Mitglied des Tomasco-Stammes, ein 4,65 x 2,00 Meter gro\u00dfes Raubfischerboot. Derzeit im Bau, ausgestattet mit einem gro\u00dfen Vorderdeck,mit 4 einmontierte Zugangsluken, die Ihnen Zugang zu ger\u00e4umigen Schr\u00e4nken erm\u00f6glichen.<\/p>\n<p>Zwei Angelboxen f\u00fcr Ruten bis 2,25 m.<\/p>\n<p>Hinten eine ger\u00e4umigen hinteren Plattform mit viel Innenraum darunter, der durch 3 Zugangsklappen zug\u00e4nglich ist. Optional ist ein Kraftstofftank von circa 50 Litern in den Boden integriert.<\/p>\n<p>Zusammengefasst, ein Raubfischerboot, das Ihnen f\u00fcr den Rest Ihres Lebens viel Angelvergn\u00fcgen bietet.<\/p>\n","protected":false},"featured_media":1534,"comment_status":"open","ping_status":"closed","template":"","meta":{"_et_pb_use_builder":"","_et_pb_old_content":"","_et_gb_content_width":""},"product_cat":[63],"product_tag":[],"_links":{"self":[{"href":"https:\/\/www.marcraft.nl\/de\/wp-json\/wp\/v2\/product\/1533"}],"collection":[{"href":"https:\/\/www.marcraft.nl\/de\/wp-json\/wp\/v2\/product"}],"about":[{"href":"https:\/\/www.marcraft.nl\/de\/wp-json\/wp\/v2\/types\/product"}],"replies":[{"embeddable":true,"href":"https:\/\/www.marcraft.nl\/de\/wp-json\/wp\/v2\/comments?post=1533"}],"wp:featuredmedia":[{"embeddable":true,"href":"https:\/\/www.marcraft.nl\/de\/wp-json\/wp\/v2\/media\/1534"}],"wp:attachment":[{"href":"https:\/\/www.marcraft.nl\/de\/wp-json\/wp\/v2\/media?parent=1533"}],"wp:term":[{"taxonomy":"product_cat","embeddable":true,"href":"https:\/\/www.marcraft.nl\/de\/wp-json\/wp\/v2\/product_cat?post=1533"},{"taxonomy":"product_tag","embeddable":true,"href":"https:\/\/www.marcraft.nl\/de\/wp-json\/wp\/v2\/product_tag?post=1533"}],"curies":[{"name":"wp","href":"https:\/\/api.w.org\/{rel}","templated":true}]}}