{"id":1523,"date":"2018-06-09T10:21:45","date_gmt":"2018-06-09T10:21:45","guid":{"rendered":"https:\/\/www.marcraft.nl\/our-boats\/465-carp-exclusive\/"},"modified":"2022-11-06T01:25:03","modified_gmt":"2022-11-06T00:25:03","slug":"465-carp-exclusive","status":"publish","type":"product","link":"https:\/\/www.marcraft.nl\/de\/our-boats\/465-carp-exclusive\/","title":{"rendered":"Carp Master"},"content":{"rendered":"","protected":false},"excerpt":{"rendered":"<p>Dieser Entwurf wurde 2008 in Zusammenarbeit mit dem bekannten Karpfenangler Herman Schuurman gebaut. Genau wie das character von Herman Schuurman wurde ein robustes und zuverl\u00e4ssiges Boot entwickelt, das dem Karpfenangler maximale Freiheit gibt.<\/p>\n<p>Der Carp Master erm\u00f6glicht da Fischen an schwer zug\u00e4nglichen Stellen, an denen oft die sch\u00f6nsten und st\u00e4rksten Fische sich befinden.\u00a0 \u00a0 \u00a0 \u00a0 \u00a0 \u00a0 \u00a0 Ein weiterer wichtiger Punkt ist, dass Sie nicht nur auf den oft gro\u00dfen Seen segeln k\u00f6nnen, sondern auch nach dem Angeln sicher nach Hause zur\u00fcckkehren k\u00f6nnen, Sie brauchen keinde unn\u00f6tigen Risiken einzugehen, wenn das Wetter beim Angeln etwas schlechter wird.<\/p>\n<p>Das Boot ist au\u00dferdem vollst\u00e4ndig aus 4 mm dickem, seewasserbest\u00e4ndigem Aluminium geschwei\u00dft. Das Innenseite dieses Bootes hat eine Polyharnstoffbeschichtung und einen Kunststoffboden. Deshalb ist es SUPER wartungsfreundlich, vergleichsweise leicht und sehr komfortabel f\u00fcr mehrt\u00e4gige Angelsitzungen. Es gibt auch gen\u00fcgend Platz f\u00fcr die notwendigen Lebensmittel f\u00fcr die Karpfen und Karpfenangler, einschlie\u00dflich Ess- und Trinkappartur, Angelruten, Rod Pod usw.<\/p>\n<p>Es gibt genug Platz f\u00fcr eine gro\u00dfen Liege und die Stabilit\u00e4t des Bootes sorgt f\u00fcr einen wunderbaren Schlaf. Eine Spr\u00fchhaube sorgt daf\u00fcr, dass Sie auch bei anhaltendem Regen und Wind bequem an Bord Ihres eigenen Karpfenmeisters leben k\u00f6nnen.<\/p>\n<p>Dar\u00fcber hinaus haben viele Karpfenangler ihr Boot so eingerichtet, dass sie Raubfischen hinterher gehen. Die faltbare und leicht abnehmbare Motorhaube macht das Raubficherboot zu einem wahren Prachtexemplar,\u00a0 das alle Gew\u00e4sser gut bew\u00e4ltigen kann.<\/p>\n<p>Der Carp Master ist in den L\u00e4ngen 4,65 und 5,00 m, sowie als Ruder- und \/ oder Konsolenboot erh\u00e4ltlich.<\/p>\n<p>F\u00fcr weitere Informationen kontaktieren Sie uns bitte<\/p>\n","protected":false},"featured_media":1525,"comment_status":"open","ping_status":"closed","template":"","meta":{"_et_pb_use_builder":"","_et_pb_old_content":"","_et_gb_content_width":""},"product_cat":[63],"product_tag":[],"_links":{"self":[{"href":"https:\/\/www.marcraft.nl\/de\/wp-json\/wp\/v2\/product\/1523"}],"collection":[{"href":"https:\/\/www.marcraft.nl\/de\/wp-json\/wp\/v2\/product"}],"about":[{"href":"https:\/\/www.marcraft.nl\/de\/wp-json\/wp\/v2\/types\/product"}],"replies":[{"embeddable":true,"href":"https:\/\/www.marcraft.nl\/de\/wp-json\/wp\/v2\/comments?post=1523"}],"wp:featuredmedia":[{"embeddable":true,"href":"https:\/\/www.marcraft.nl\/de\/wp-json\/wp\/v2\/media\/1525"}],"wp:attachment":[{"href":"https:\/\/www.marcraft.nl\/de\/wp-json\/wp\/v2\/media?parent=1523"}],"wp:term":[{"taxonomy":"product_cat","embeddable":true,"href":"https:\/\/www.marcraft.nl\/de\/wp-json\/wp\/v2\/product_cat?post=1523"},{"taxonomy":"product_tag","embeddable":true,"href":"https:\/\/www.marcraft.nl\/de\/wp-json\/wp\/v2\/product_tag?post=1523"}],"curies":[{"name":"wp","href":"https:\/\/api.w.org\/{rel}","templated":true}]}}