{"id":1516,"date":"2018-06-09T10:23:54","date_gmt":"2018-06-09T10:23:54","guid":{"rendered":"https:\/\/www.marcraft.nl\/our-boats\/496-lake-hunter\/"},"modified":"2020-12-14T19:41:50","modified_gmt":"2020-12-14T18:41:50","slug":"496-lake-hunter","status":"publish","type":"product","link":"https:\/\/www.marcraft.nl\/de\/our-boats\/496-lake-hunter\/","title":{"rendered":"Lake Hunter"},"content":{"rendered":"<p>[et_pb_section fb_built=&#8220;1&#8243; _builder_version=&#8220;3.22&#8243; custom_padding=&#8220;0px||||false|false&#8220;][et_pb_row _builder_version=&#8220;3.25&#8243; background_size=&#8220;initial&#8220; background_position=&#8220;top_left&#8220; background_repeat=&#8220;repeat&#8220; width=&#8220;100%&#8220; custom_padding=&#8220;0px||0px||false|false&#8220;][et_pb_column type=&#8220;4_4&#8243; _builder_version=&#8220;3.25&#8243; custom_padding=&#8220;|||&#8220; custom_padding__hover=&#8220;|||&#8220;][et_pb_wc_breadcrumb _builder_version=&#8220;3.0.47&#8243;][\/et_pb_wc_breadcrumb][et_pb_wc_cart_notice _builder_version=&#8220;3.0.47&#8243;][\/et_pb_wc_cart_notice][\/et_pb_column][\/et_pb_row][et_pb_row column_structure=&#8220;1_2,1_2&#8243; _builder_version=&#8220;3.25&#8243; background_size=&#8220;initial&#8220; background_position=&#8220;top_left&#8220; background_repeat=&#8220;repeat&#8220; width=&#8220;100%&#8220; custom_padding=&#8220;0px||||false|false&#8220;][et_pb_column type=&#8220;1_2&#8243; _builder_version=&#8220;3.25&#8243; custom_padding=&#8220;|||&#8220; custom_padding__hover=&#8220;|||&#8220;][et_pb_wc_images _builder_version=&#8220;3.0.47&#8243;][\/et_pb_wc_images][\/et_pb_column][et_pb_column type=&#8220;1_2&#8243; _builder_version=&#8220;3.25&#8243; custom_padding=&#8220;|||&#8220; custom_padding__hover=&#8220;|||&#8220;][et_pb_wc_title _builder_version=&#8220;3.0.47&#8243;][\/et_pb_wc_title][et_pb_wc_rating _builder_version=&#8220;3.0.47&#8243;][\/et_pb_wc_rating][et_pb_wc_price _builder_version=&#8220;3.0.47&#8243;][\/et_pb_wc_price][et_pb_wc_description _builder_version=&#8220;3.0.47&#8243;][\/et_pb_wc_description][et_pb_wc_add_to_cart _builder_version=&#8220;3.0.47&#8243;][\/et_pb_wc_add_to_cart][et_pb_wc_meta _builder_version=&#8220;3.0.47&#8243;][\/et_pb_wc_meta][\/et_pb_column][\/et_pb_row][\/et_pb_section]<\/p>\n","protected":false},"excerpt":{"rendered":"<p>Die Tomasco Lake Hunter ist ein Raubfischerboot mit einer L\u00e4nge von fast 5 Metern. das Boot ein v\u00f6llig anderes Layout als die kleineren Versionen, wodurch dieses Boot viel mehr Platz bietet.Am Heck befindet sich ein gro\u00dfer Raum, der \u00fcber drei Zugangsklappen zug\u00e4nglich ist. Unter dem Vordeck befinden sich drei gro\u00dfe Ablagef\u00e4cher, die \u00fcber vier Zugangsklappen zug\u00e4nglich sind. Ein Aluminium-Kraftstofftank von circa 53 Litern kann unter den Boden eingebaut werden. Der Lake Hunter hat auch breitere und l\u00e4ngere Rutenk\u00e4sten, die Ruten bis zu 260 cm verstauen k\u00f6nnen.<\/p>\n<p>Es gibt auch eine \u00d6ffnung, die speziell f\u00fcr das vertikale Angeln entwickelt wurde und in der Sie Ihre F\u00fc\u00dfe frei platzieren k\u00f6nnen. Nat\u00fcrlich kann diese \u00d6ffnung auch zum Platzieren von K\u00f6derkoffern oder anderen Angelger\u00e4ten verwendet werden.<\/p>\n<p>Die Tomasco Lake Hunter ist als Pinne und Konsolenboot erh\u00e4ltlich.<\/p>\n<p>F\u00fcr weitere Informationen kontaktieren Sie uns bitte.<\/p>\n","protected":false},"featured_media":1518,"comment_status":"open","ping_status":"closed","template":"","meta":{"_et_pb_use_builder":"on","_et_pb_old_content":"","_et_gb_content_width":""},"product_cat":[63],"product_tag":[],"_links":{"self":[{"href":"https:\/\/www.marcraft.nl\/de\/wp-json\/wp\/v2\/product\/1516"}],"collection":[{"href":"https:\/\/www.marcraft.nl\/de\/wp-json\/wp\/v2\/product"}],"about":[{"href":"https:\/\/www.marcraft.nl\/de\/wp-json\/wp\/v2\/types\/product"}],"replies":[{"embeddable":true,"href":"https:\/\/www.marcraft.nl\/de\/wp-json\/wp\/v2\/comments?post=1516"}],"wp:featuredmedia":[{"embeddable":true,"href":"https:\/\/www.marcraft.nl\/de\/wp-json\/wp\/v2\/media\/1518"}],"wp:attachment":[{"href":"https:\/\/www.marcraft.nl\/de\/wp-json\/wp\/v2\/media?parent=1516"}],"wp:term":[{"taxonomy":"product_cat","embeddable":true,"href":"https:\/\/www.marcraft.nl\/de\/wp-json\/wp\/v2\/product_cat?post=1516"},{"taxonomy":"product_tag","embeddable":true,"href":"https:\/\/www.marcraft.nl\/de\/wp-json\/wp\/v2\/product_tag?post=1516"}],"curies":[{"name":"wp","href":"https:\/\/api.w.org\/{rel}","templated":true}]}}