{"id":1436,"date":"2020-11-29T13:48:11","date_gmt":"2020-11-29T12:48:11","guid":{"rendered":"https:\/\/www.marcraft.nl\/pike-master\/"},"modified":"2020-12-19T16:11:57","modified_gmt":"2020-12-19T15:11:57","slug":"pike-master","status":"publish","type":"page","link":"https:\/\/www.marcraft.nl\/de\/pike-master\/","title":{"rendered":"Pike Master"},"content":{"rendered":"<p>[et_pb_section fb_built=&#8220;1&#8243; _builder_version=&#8220;3.22&#8243;][et_pb_row _builder_version=&#8220;3.25&#8243; background_size=&#8220;initial&#8220; background_position=&#8220;top_left&#8220; background_repeat=&#8220;repeat&#8220;][et_pb_column type=&#8220;4_4&#8243; _builder_version=&#8220;3.25&#8243; custom_padding=&#8220;|||&#8220; custom_padding__hover=&#8220;|||&#8220;][et_pb_text _builder_version=&#8220;4.7.5&#8243; background_size=&#8220;initial&#8220; background_position=&#8220;top_left&#8220; background_repeat=&#8220;repeat&#8220; hover_enabled=&#8220;0&#8243; sticky_enabled=&#8220;0&#8243;]<\/p>\n<p>Der Tomasco Pike Master ist auch als Rumpf erh\u00e4ltlich. Um es Ihnen noch einfacher zu machen, k\u00f6nnen wir Ihnen alle Teile liefern, die Sie f\u00fcr n\u00f6tig halten. Fragen Sie nach den M\u00f6glichkeiten, von Schiffsboden als Set zum einbauen, \u00fcber Teppiche und Formteile bis hin zu den letzten Details<br \/><a href=\"https:\/\/www.marcraft.nl\/wp-content\/uploads\/2020\/05\/31-1.jpg\"><img decoding=\"async\" loading=\"lazy\" class=\"size-medium wp-image-952 alignright\" src=\"https:\/\/www.marcraft.nl\/wp-content\/uploads\/2020\/05\/31-1-300x288.jpg\" alt=\"\" width=\"300\" height=\"288\" \/><\/a><\/p>\n<p>[\/et_pb_text][\/et_pb_column][\/et_pb_row][\/et_pb_section]<\/p>\n","protected":false},"excerpt":{"rendered":"<p>Der Tomasco Pike Master ist auch als Rumpf erh\u00e4ltlich. Um es Ihnen noch einfacher zu machen, k\u00f6nnen wir Ihnen alle Teile liefern, die Sie f\u00fcr n\u00f6tig halten. Fragen Sie nach den M\u00f6glichkeiten, von Schiffsboden als Set zum einbauen, \u00fcber Teppiche und Formteile bis hin zu den letzten Details<\/p>\n","protected":false},"author":5,"featured_media":1417,"parent":0,"menu_order":0,"comment_status":"closed","ping_status":"closed","template":"","meta":{"_et_pb_use_builder":"on","_et_pb_old_content":"","_et_gb_content_width":""},"_links":{"self":[{"href":"https:\/\/www.marcraft.nl\/de\/wp-json\/wp\/v2\/pages\/1436"}],"collection":[{"href":"https:\/\/www.marcraft.nl\/de\/wp-json\/wp\/v2\/pages"}],"about":[{"href":"https:\/\/www.marcraft.nl\/de\/wp-json\/wp\/v2\/types\/page"}],"author":[{"embeddable":true,"href":"https:\/\/www.marcraft.nl\/de\/wp-json\/wp\/v2\/users\/5"}],"replies":[{"embeddable":true,"href":"https:\/\/www.marcraft.nl\/de\/wp-json\/wp\/v2\/comments?post=1436"}],"version-history":[{"count":3,"href":"https:\/\/www.marcraft.nl\/de\/wp-json\/wp\/v2\/pages\/1436\/revisions"}],"predecessor-version":[{"id":2047,"href":"https:\/\/www.marcraft.nl\/de\/wp-json\/wp\/v2\/pages\/1436\/revisions\/2047"}],"wp:featuredmedia":[{"embeddable":true,"href":"https:\/\/www.marcraft.nl\/de\/wp-json\/wp\/v2\/media\/1417"}],"wp:attachment":[{"href":"https:\/\/www.marcraft.nl\/de\/wp-json\/wp\/v2\/media?parent=1436"}],"curies":[{"name":"wp","href":"https:\/\/api.w.org\/{rel}","templated":true}]}}