{"id":1430,"date":"2020-11-29T13:41:58","date_gmt":"2020-11-29T12:41:58","guid":{"rendered":"https:\/\/www.marcraft.nl\/lake-hunter\/"},"modified":"2020-12-19T16:13:05","modified_gmt":"2020-12-19T15:13:05","slug":"lake-hunter","status":"publish","type":"page","link":"https:\/\/www.marcraft.nl\/de\/lake-hunter\/","title":{"rendered":"Lake Hunter"},"content":{"rendered":"<p>Der Tomasco Lake Hunter ist auch als Rumpf erh\u00e4ltlich. Um es Ihnen noch einfacher zu machen, k\u00f6nnen wir Ihnen alle Teile liefern, die Sie f\u00fcr n\u00f6tig halten. Von Schiffsboden als Set zum einbauen, \u00fcber Teppiche und Formteile bis hin zu den letzten Details. Fragen Sie nach den M\u00f6glichkeiten<\/p>\n","protected":false},"excerpt":{"rendered":"<p>Der Tomasco Lake Hunter ist auch als Rumpf erh\u00e4ltlich. Um es Ihnen noch einfacher zu machen, k\u00f6nnen wir Ihnen alle Teile liefern, die Sie f\u00fcr n\u00f6tig halten. Von Schiffsboden als Set zum einbauen, \u00fcber Teppiche und Formteile bis hin zu den letzten Details. Fragen Sie nach den M\u00f6glichkeiten<\/p>\n","protected":false},"author":5,"featured_media":1431,"parent":0,"menu_order":0,"comment_status":"closed","ping_status":"closed","template":"","meta":{"_et_pb_use_builder":"","_et_pb_old_content":"","_et_gb_content_width":""},"_links":{"self":[{"href":"https:\/\/www.marcraft.nl\/de\/wp-json\/wp\/v2\/pages\/1430"}],"collection":[{"href":"https:\/\/www.marcraft.nl\/de\/wp-json\/wp\/v2\/pages"}],"about":[{"href":"https:\/\/www.marcraft.nl\/de\/wp-json\/wp\/v2\/types\/page"}],"author":[{"embeddable":true,"href":"https:\/\/www.marcraft.nl\/de\/wp-json\/wp\/v2\/users\/5"}],"replies":[{"embeddable":true,"href":"https:\/\/www.marcraft.nl\/de\/wp-json\/wp\/v2\/comments?post=1430"}],"version-history":[{"count":1,"href":"https:\/\/www.marcraft.nl\/de\/wp-json\/wp\/v2\/pages\/1430\/revisions"}],"predecessor-version":[{"id":2048,"href":"https:\/\/www.marcraft.nl\/de\/wp-json\/wp\/v2\/pages\/1430\/revisions\/2048"}],"wp:featuredmedia":[{"embeddable":true,"href":"https:\/\/www.marcraft.nl\/de\/wp-json\/wp\/v2\/media\/1431"}],"wp:attachment":[{"href":"https:\/\/www.marcraft.nl\/de\/wp-json\/wp\/v2\/media?parent=1430"}],"curies":[{"name":"wp","href":"https:\/\/api.w.org\/{rel}","templated":true}]}}